{"id":7016,"date":"2025-06-08T07:19:18","date_gmt":"2025-06-08T07:19:18","guid":{"rendered":"https:\/\/wpt.nineblaess.de\/agb\/"},"modified":"2025-10-08T08:29:11","modified_gmt":"2025-10-08T08:29:11","slug":"agb","status":"publish","type":"page","link":"https:\/\/www.nineblaess.de\/de\/agb\/","title":{"rendered":"AGB"},"content":{"rendered":"\t\t<div data-elementor-type=\"wp-page\" data-elementor-id=\"7016\" class=\"elementor elementor-7016 elementor-3\" data-elementor-post-type=\"page\">\n\t\t\t\t<div class=\"elementor-element elementor-element-b568d84 main_content e-con-full e-flex e-con e-parent\" data-id=\"b568d84\" data-element_type=\"container\" data-e-type=\"container\" data-settings=\"{&quot;background_background&quot;:&quot;classic&quot;}\">\n\t\t<div class=\"elementor-element elementor-element-b0811df e-con-full spacer e-flex e-con e-child\" data-id=\"b0811df\" data-element_type=\"container\" data-e-type=\"container\" data-settings=\"{&quot;background_background&quot;:&quot;classic&quot;}\">\n\t\t<div class=\"elementor-element elementor-element-be9b647 e-con-full e-flex e-con e-child\" data-id=\"be9b647\" data-element_type=\"container\" data-e-type=\"container\">\n\t\t\t\t<div class=\"elementor-element elementor-element-002f8a2 elementor-widget elementor-widget-heading\" data-id=\"002f8a2\" data-element_type=\"widget\" data-e-type=\"widget\" data-widget_type=\"heading.default\">\n\t\t\t\t<div class=\"elementor-widget-container\">\n\t\t\t\t\t<h1 class=\"elementor-heading-title elementor-size-default\">AGB<\/h1>\t\t\t\t<\/div>\n\t\t\t\t<\/div>\n\t\t\t\t<\/div>\n\t\t<div class=\"elementor-element elementor-element-0638baf e-con-full e-flex e-con e-child\" data-id=\"0638baf\" data-element_type=\"container\" data-e-type=\"container\">\n\t\t\t\t<div class=\"elementor-element elementor-element-999aadd elementor-widget elementor-widget-heading\" data-id=\"999aadd\" data-element_type=\"widget\" data-e-type=\"widget\" data-widget_type=\"heading.default\">\n\t\t\t\t<div class=\"elementor-widget-container\">\n\t\t\t\t\t<h2 class=\"elementor-heading-title elementor-size-default\">1. Einf\u00fchrung<\/h2>\t\t\t\t<\/div>\n\t\t\t\t<\/div>\n\t\t\t\t<div class=\"elementor-element elementor-element-4f35532 lead, spacer-top-s elementor-widget elementor-widget-text-editor\" data-id=\"4f35532\" data-element_type=\"widget\" data-e-type=\"widget\" data-widget_type=\"text-editor.default\">\n\t\t\t\t<div class=\"elementor-widget-container\">\n\t\t\t\t\t\t\t\t\t<p>Durch den Zugriff auf oder die Nutzung dieser Website erkl\u00e4rst du dich damit einverstanden, diese Nutzungsbedingungen einzuhalten und an sie gebunden zu sein. Wenn du diesen Bedingungen nicht zustimmst, nutze diese Website bitte nicht. <\/p>\t\t\t\t\t\t\t\t<\/div>\n\t\t\t\t<\/div>\n\t\t\t\t<div class=\"elementor-element elementor-element-cddeb69 spacer-top-s elementor-widget elementor-widget-heading\" data-id=\"cddeb69\" data-element_type=\"widget\" data-e-type=\"widget\" data-widget_type=\"heading.default\">\n\t\t\t\t<div class=\"elementor-widget-container\">\n\t\t\t\t\t<h2 class=\"elementor-heading-title elementor-size-default\">2. Inhalte und Nutzung<\/h2>\t\t\t\t<\/div>\n\t\t\t\t<\/div>\n\t\t\t\t<div class=\"elementor-element elementor-element-2793dc7 lead, spacer-top-s elementor-widget elementor-widget-text-editor\" data-id=\"2793dc7\" data-element_type=\"widget\" data-e-type=\"widget\" data-widget_type=\"text-editor.default\">\n\t\t\t\t<div class=\"elementor-widget-container\">\n\t\t\t\t\t\t\t\t\t<p>Die auf dieser Website bereitgestellten Inhalte dienen ausschlie\u00dflich zu Informationszwecken. Obwohl ich mich um Genauigkeit, Vollst\u00e4ndigkeit und Relevanz bem\u00fche, \u00fcbernehme ich keine Garantie f\u00fcr die Richtigkeit oder Zuverl\u00e4ssigkeit der Informationen. Die Inhalte richten sich nicht speziell an Kinder oder ein bestimmtes Publikum.  <\/p><p>Diese Website enth\u00e4lt Affiliate-Links. Wenn du \u00fcber diese Links einkaufst, erhalte ich m\u00f6glicherweise eine Provision, ohne dass dir zus\u00e4tzliche Kosten entstehen. Ich bewerbe nur Produkte oder Dienstleistungen, an die ich pers\u00f6nlich glaube.  <\/p>\t\t\t\t\t\t\t\t<\/div>\n\t\t\t\t<\/div>\n\t\t\t\t<div class=\"elementor-element elementor-element-9590742 spacer-top-s elementor-widget elementor-widget-heading\" data-id=\"9590742\" data-element_type=\"widget\" data-e-type=\"widget\" data-widget_type=\"heading.default\">\n\t\t\t\t<div class=\"elementor-widget-container\">\n\t\t\t\t\t<h2 class=\"elementor-heading-title elementor-size-default\">3. Gesponserte Inhalte<\/h2>\t\t\t\t<\/div>\n\t\t\t\t<\/div>\n\t\t\t\t<div class=\"elementor-element elementor-element-2521604 lead, spacer-top-s elementor-widget elementor-widget-text-editor\" data-id=\"2521604\" data-element_type=\"widget\" data-e-type=\"widget\" data-widget_type=\"text-editor.default\">\n\t\t\t\t<div class=\"elementor-widget-container\">\n\t\t\t\t\t\t\t\t\t<p>Gesponserte Inhalte werden im Austausch f\u00fcr finanzielle oder andere Verg\u00fctungen von Unternehmen oder Einzelpersonen erstellt. Alle gesponserten Inhalte werden klar gekennzeichnet. <\/p><p>Ich behalte die volle redaktionelle Kontrolle \u00fcber die Inhalte. Sponsornde Unternehmen sind daf\u00fcr verantwortlich, dass ihre Beitr\u00e4ge den geltenden Gesetzen und Vorschriften entsprechen. Ich hafte nicht f\u00fcr Anspr\u00fcche, Fehler oder Probleme, die sich aus gesponserten Inhalten ergeben, einschlie\u00dflich technischer Probleme, die deren Anzeige oder Funktionalit\u00e4t beeintr\u00e4chtigen.  <\/p>\t\t\t\t\t\t\t\t<\/div>\n\t\t\t\t<\/div>\n\t\t\t\t<div class=\"elementor-element elementor-element-42406ad spacer-top-s elementor-widget elementor-widget-heading\" data-id=\"42406ad\" data-element_type=\"widget\" data-e-type=\"widget\" data-widget_type=\"heading.default\">\n\t\t\t\t<div class=\"elementor-widget-container\">\n\t\t\t\t\t<h2 class=\"elementor-heading-title elementor-size-default\">4. Portfolio und Branding-Dienstleistungen<\/h2>\t\t\t\t<\/div>\n\t\t\t\t<\/div>\n\t\t\t\t<div class=\"elementor-element elementor-element-77c53b3 lead, spacer-top-s elementor-widget elementor-widget-text-editor\" data-id=\"77c53b3\" data-element_type=\"widget\" data-e-type=\"widget\" data-widget_type=\"text-editor.default\">\n\t\t\t\t<div class=\"elementor-widget-container\">\n\t\t\t\t\t\t\t\t\t<p>Mein Portfolio zeigt Beispiele meiner Arbeit, um Branding-Dienstleistungen zu veranschaulichen. Die Aufnahme von Arbeitsbeispielen stellt keine Billigung oder Garantie dar. <\/p><p>F\u00fcr Anfragen zu Branding-Dienstleistungen nutze bitte mein Kontaktformular. <a href=\"https:\/\/www.nineblaess.de\/de\/kontakt\/\">contact form<\/a>.<\/p>\t\t\t\t\t\t\t\t<\/div>\n\t\t\t\t<\/div>\n\t\t\t\t<div class=\"elementor-element elementor-element-1122631 spacer-top-s elementor-widget elementor-widget-heading\" data-id=\"1122631\" data-element_type=\"widget\" data-e-type=\"widget\" data-widget_type=\"heading.default\">\n\t\t\t\t<div class=\"elementor-widget-container\">\n\t\t\t\t\t<h2 class=\"elementor-heading-title elementor-size-default\">5. Tracking und Analyse<\/h2>\t\t\t\t<\/div>\n\t\t\t\t<\/div>\n\t\t\t\t<div class=\"elementor-element elementor-element-cc89351 lead, spacer-top-s elementor-widget elementor-widget-text-editor\" data-id=\"cc89351\" data-element_type=\"widget\" data-e-type=\"widget\" data-widget_type=\"text-editor.default\">\n\t\t\t\t<div class=\"elementor-widget-container\">\n\t\t\t\t\t\t\t\t\t<p>Ich verwende Analysetools und andere Tracking-Technologien, um die Nutzung der Website zu verstehen. Durch die Nutzung dieser Website und die Zustimmung \u00fcber das Cookie-Banner erkl\u00e4rst du dich mit der Verwendung von Cookies und anderen Tracking-Technologien einverstanden, wie in meiner <a href=\"https:\/\/wpt.nineblaess.de\/privacy-policy\/\" target=\"_blank\" rel=\"noopener\">Datenschutz- &amp; Cookie-Richtlinie<\/a> beschrieben. <\/p>\t\t\t\t\t\t\t\t<\/div>\n\t\t\t\t<\/div>\n\t\t\t\t<div class=\"elementor-element elementor-element-e373d93 spacer-top-s elementor-widget elementor-widget-heading\" data-id=\"e373d93\" data-element_type=\"widget\" data-e-type=\"widget\" data-widget_type=\"heading.default\">\n\t\t\t\t<div class=\"elementor-widget-container\">\n\t\t\t\t\t<h2 class=\"elementor-heading-title elementor-size-default\">6. Urheberrecht und geistiges Eigentum<\/h2>\t\t\t\t<\/div>\n\t\t\t\t<\/div>\n\t\t\t\t<div class=\"elementor-element elementor-element-5437375 lead, spacer-top-s elementor-widget elementor-widget-text-editor\" data-id=\"5437375\" data-element_type=\"widget\" data-e-type=\"widget\" data-widget_type=\"text-editor.default\">\n\t\t\t\t<div class=\"elementor-widget-container\">\n\t\t\t\t\t\t\t\t\t<p>Alle Inhalte dieser Website, einschlie\u00dflich Texte, Bilder, Logos und Grafiken, sind durch Urheberrechte und andere Gesetze zum Schutz des geistigen Eigentums gesch\u00fctzt. Die unbefugte Nutzung, Vervielf\u00e4ltigung oder Verbreitung von Inhalten ist untersagt und kann rechtliche Schritte nach sich ziehen. <\/p>\t\t\t\t\t\t\t\t<\/div>\n\t\t\t\t<\/div>\n\t\t\t\t<div class=\"elementor-element elementor-element-1270208 spacer-top-s elementor-widget elementor-widget-heading\" data-id=\"1270208\" data-element_type=\"widget\" data-e-type=\"widget\" data-widget_type=\"heading.default\">\n\t\t\t\t<div class=\"elementor-widget-container\">\n\t\t\t\t\t<h2 class=\"elementor-heading-title elementor-size-default\">7. Viren und Sicherheit<\/h2>\t\t\t\t<\/div>\n\t\t\t\t<\/div>\n\t\t\t\t<div class=\"elementor-element elementor-element-2731762 lead, spacer-top-s elementor-widget elementor-widget-text-editor\" data-id=\"2731762\" data-element_type=\"widget\" data-e-type=\"widget\" data-widget_type=\"text-editor.default\">\n\t\t\t\t<div class=\"elementor-widget-container\">\n\t\t\t\t\t\t\t\t\t<p>Ich garantiere nicht, dass diese Website frei von Viren oder anderen sch\u00e4dlichen Komponenten ist. Es liegt in deiner Verantwortung, sicherzustellen, dass deine Ger\u00e4te angemessen gesch\u00fctzt sind. <\/p>\t\t\t\t\t\t\t\t<\/div>\n\t\t\t\t<\/div>\n\t\t\t\t<div class=\"elementor-element elementor-element-34685c7 spacer-top-s elementor-widget elementor-widget-heading\" data-id=\"34685c7\" data-element_type=\"widget\" data-e-type=\"widget\" data-widget_type=\"heading.default\">\n\t\t\t\t<div class=\"elementor-widget-container\">\n\t\t\t\t\t<h2 class=\"elementor-heading-title elementor-size-default\">8. Haftungsausschluss<\/h2>\t\t\t\t<\/div>\n\t\t\t\t<\/div>\n\t\t\t\t<div class=\"elementor-element elementor-element-05c8027 lead, spacer-top-s elementor-widget elementor-widget-text-editor\" data-id=\"05c8027\" data-element_type=\"widget\" data-e-type=\"widget\" data-widget_type=\"text-editor.default\">\n\t\t\t\t<div class=\"elementor-widget-container\">\n\t\t\t\t\t\t\t\t\t<p>Die Website und ihre Inhalte werden \u201ewie besehen\u201c ohne jegliche Gew\u00e4hrleistung bereitgestellt. Ich hafte nicht f\u00fcr direkte oder indirekte Sch\u00e4den, die sich aus der Nutzung dieser Website ergeben, einschlie\u00dflich Serverausf\u00e4llen, technischen Problemen oder dem Vertrauen auf bereitgestellte Informationen. <\/p>\t\t\t\t\t\t\t\t<\/div>\n\t\t\t\t<\/div>\n\t\t\t\t<div class=\"elementor-element elementor-element-b12dc4b spacer-top-s elementor-widget elementor-widget-heading\" data-id=\"b12dc4b\" data-element_type=\"widget\" data-e-type=\"widget\" data-widget_type=\"heading.default\">\n\t\t\t\t<div class=\"elementor-widget-container\">\n\t\t\t\t\t<h2 class=\"elementor-heading-title elementor-size-default\">9. \u00c4nderungen der Bedingungen<\/h2>\t\t\t\t<\/div>\n\t\t\t\t<\/div>\n\t\t\t\t<div class=\"elementor-element elementor-element-afbd280 lead, spacer-top-s elementor-widget elementor-widget-text-editor\" data-id=\"afbd280\" data-element_type=\"widget\" data-e-type=\"widget\" data-widget_type=\"text-editor.default\">\n\t\t\t\t<div class=\"elementor-widget-container\">\n\t\t\t\t\t\t\t\t\t<p>Ich behalte mir das Recht vor, diese Bedingungen jederzeit zu aktualisieren oder zu \u00e4ndern. Aktualisierungen werden auf dieser Seite ver\u00f6ffentlicht. Es liegt in deiner Verantwortung, die Bedingungen regelm\u00e4\u00dfig zu \u00fcberpr\u00fcfen.  <\/p>\t\t\t\t\t\t\t\t<\/div>\n\t\t\t\t<\/div>\n\t\t\t\t<div class=\"elementor-element elementor-element-2f4c681 spacer-top-s elementor-widget elementor-widget-heading\" data-id=\"2f4c681\" data-element_type=\"widget\" data-e-type=\"widget\" data-widget_type=\"heading.default\">\n\t\t\t\t<div class=\"elementor-widget-container\">\n\t\t\t\t\t<h2 class=\"elementor-heading-title elementor-size-default\">10. Anwendbares Recht und Streitbeilegung<\/h2>\t\t\t\t<\/div>\n\t\t\t\t<\/div>\n\t\t\t\t<div class=\"elementor-element elementor-element-fe92004 lead, spacer-top-s elementor-widget elementor-widget-text-editor\" data-id=\"fe92004\" data-element_type=\"widget\" data-e-type=\"widget\" data-widget_type=\"text-editor.default\">\n\t\t\t\t<div class=\"elementor-widget-container\">\n\t\t\t\t\t\t\t\t\t<p>Diese Bedingungen unterliegen den Gesetzen Neuseelands. Alle Streitigkeiten, die sich aus diesen Bedingungen ergeben, unterliegen der ausschlie\u00dflichen Zust\u00e4ndigkeit der Gerichte Neuseelands. <br><br><\/p>\t\t\t\t\t\t\t\t<\/div>\n\t\t\t\t<\/div>\n\t\t\t\t<div class=\"elementor-element elementor-element-7e87cca spacer-top-s elementor-widget elementor-widget-heading\" data-id=\"7e87cca\" data-element_type=\"widget\" data-e-type=\"widget\" data-widget_type=\"heading.default\">\n\t\t\t\t<div class=\"elementor-widget-container\">\n\t\t\t\t\t<h2 class=\"elementor-heading-title elementor-size-default\">11. Kontakt<\/h2>\t\t\t\t<\/div>\n\t\t\t\t<\/div>\n\t\t\t\t<div class=\"elementor-element elementor-element-12dd043 lead, spacer-top-s elementor-widget elementor-widget-text-editor\" data-id=\"12dd043\" data-element_type=\"widget\" data-e-type=\"widget\" data-widget_type=\"text-editor.default\">\n\t\t\t\t<div class=\"elementor-widget-container\">\n\t\t\t\t\t\t\t\t\t<p>Bei Fragen zu diesen Bedingungen wende dich bitte an mich unter:<\/p><p>Janine Blaess<\/p><p>Email: <a href=\"mailto:hello@nineblaess.de\">hello@nineblaess.de<\/a><\/p>\t\t\t\t\t\t\t\t<\/div>\n\t\t\t\t<\/div>\n\t\t\t\t<\/div>\n\t\t\t\t<\/div>\n\t\t\t\t<\/div>\n\t\t\t\t<\/div>\n\t\t","protected":false},"excerpt":{"rendered":"<p>AGB 1. Einf\u00fchrung Durch den Zugriff auf oder die Nutzung dieser Website erkl\u00e4rst du dich damit einverstanden, diese Nutzungsbedingungen einzuhalten und an sie gebunden zu sein. Wenn du diesen Bedingungen nicht zustimmst, nutze diese Website bitte nicht. 2. Inhalte und Nutzung Die auf dieser Website bereitgestellten Inhalte dienen ausschlie\u00dflich zu Informationszwecken. Obwohl ich mich um [&hellip;]<\/p>\n","protected":false},"author":1,"featured_media":0,"parent":0,"menu_order":0,"comment_status":"closed","ping_status":"closed","template":"elementor_header_footer","meta":{"_acf_changed":false,"footnotes":""},"class_list":["post-7016","page","type-page","status-publish","hentry"],"acf":[],"_links":{"self":[{"href":"https:\/\/www.nineblaess.de\/de\/wp-json\/wp\/v2\/pages\/7016","targetHints":{"allow":["GET"]}}],"collection":[{"href":"https:\/\/www.nineblaess.de\/de\/wp-json\/wp\/v2\/pages"}],"about":[{"href":"https:\/\/www.nineblaess.de\/de\/wp-json\/wp\/v2\/types\/page"}],"author":[{"embeddable":true,"href":"https:\/\/www.nineblaess.de\/de\/wp-json\/wp\/v2\/users\/1"}],"replies":[{"embeddable":true,"href":"https:\/\/www.nineblaess.de\/de\/wp-json\/wp\/v2\/comments?post=7016"}],"version-history":[{"count":0,"href":"https:\/\/www.nineblaess.de\/de\/wp-json\/wp\/v2\/pages\/7016\/revisions"}],"wp:attachment":[{"href":"https:\/\/www.nineblaess.de\/de\/wp-json\/wp\/v2\/media?parent=7016"}],"curies":[{"name":"wp","href":"https:\/\/api.w.org\/{rel}","templated":true}]}}