{"id":8270,"date":"2025-08-16T10:20:56","date_gmt":"2025-08-16T10:20:56","guid":{"rendered":"https:\/\/wpt.nineblaess.de\/datenschutz-cookie-richtlinie\/"},"modified":"2025-09-26T20:42:23","modified_gmt":"2025-09-26T20:42:23","slug":"datenschutz-cookie-richtlinie","status":"publish","type":"page","link":"https:\/\/www.nineblaess.de\/de\/datenschutz-cookie-richtlinie\/","title":{"rendered":"Datenschutz- und Cookie-Richtlinien"},"content":{"rendered":"\t\t<div data-elementor-type=\"wp-page\" data-elementor-id=\"8270\" class=\"elementor elementor-8270 elementor-5276\" data-elementor-post-type=\"page\">\n\t\t\t\t<div class=\"elementor-element elementor-element-b568d84 main_content e-con-full e-flex e-con e-parent\" data-id=\"b568d84\" data-element_type=\"container\" data-e-type=\"container\" data-settings=\"{&quot;background_background&quot;:&quot;classic&quot;}\">\n\t\t<div class=\"elementor-element elementor-element-b0811df e-con-full spacer e-flex e-con e-child\" data-id=\"b0811df\" data-element_type=\"container\" data-e-type=\"container\" data-settings=\"{&quot;background_background&quot;:&quot;classic&quot;}\">\n\t\t<div class=\"elementor-element elementor-element-be9b647 e-con-full e-flex e-con e-child\" data-id=\"be9b647\" data-element_type=\"container\" data-e-type=\"container\">\n\t\t\t\t<div class=\"elementor-element elementor-element-002f8a2 elementor-widget elementor-widget-heading\" data-id=\"002f8a2\" data-element_type=\"widget\" data-e-type=\"widget\" data-widget_type=\"heading.default\">\n\t\t\t\t<div class=\"elementor-widget-container\">\n\t\t\t\t\t<h1 class=\"elementor-heading-title elementor-size-default\">Datenschutz- und Cookie-Richtlinien<\/h1>\t\t\t\t<\/div>\n\t\t\t\t<\/div>\n\t\t\t\t<\/div>\n\t\t<div class=\"elementor-element elementor-element-0638baf e-con-full e-flex e-con e-child\" data-id=\"0638baf\" data-element_type=\"container\" data-e-type=\"container\">\n\t\t\t\t<div class=\"elementor-element elementor-element-be72fdc elementor-widget elementor-widget-text-editor\" data-id=\"be72fdc\" data-element_type=\"widget\" data-e-type=\"widget\" data-widget_type=\"text-editor.default\">\n\t\t\t\t<div class=\"elementor-widget-container\">\n\t\t\t\t\t\t\t\t\t<p>Zuletzt aktualisiert: 16. August 2025<\/p>\n<p>Gilt f\u00fcr: B\u00fcrger und dauerhaft Aufenthaltsberechtigte des Europ\u00e4ischen Wirtschaftsraums (EWR) und der Schweiz<\/p>\t\t\t\t\t\t\t\t<\/div>\n\t\t\t\t<\/div>\n\t\t\t\t<div class=\"elementor-element elementor-element-999aadd spacer-top-s elementor-widget elementor-widget-heading\" data-id=\"999aadd\" data-element_type=\"widget\" data-e-type=\"widget\" data-widget_type=\"heading.default\">\n\t\t\t\t<div class=\"elementor-widget-container\">\n\t\t\t\t\t<h2 class=\"elementor-heading-title elementor-size-default\">1. Einf\u00fchrung<\/h2>\t\t\t\t<\/div>\n\t\t\t\t<\/div>\n\t\t\t\t<div class=\"elementor-element elementor-element-4f35532 lead, spacer-top-s elementor-widget elementor-widget-text-editor\" data-id=\"4f35532\" data-element_type=\"widget\" data-e-type=\"widget\" data-widget_type=\"text-editor.default\">\n\t\t\t\t<div class=\"elementor-widget-container\">\n\t\t\t\t\t\t\t\t\t<p>Willkommen auf nineblaess.de. Deine Privatsph\u00e4re ist mir wichtig. In dieser Richtlinie erf\u00e4hrst du, wie ich Cookies verwende und personenbezogene Daten erhebe, wenn du meine Website besuchst.  <\/p>\n<p>Ich erhebe nur Daten, die notwendig sind, um:<\/p>\n<ul>\n<li>die Leistung und den Traffic der Website zu analysieren<\/li>\n<li>Newsletter-Anmeldungen zu verwalten<\/li>\n<li>die Nutzung von Affiliate-Links zu erfassen<\/li>\n<\/ul>\n<p>Deine Daten werden nicht verkauft, vermietet oder f\u00fcr andere Zwecke geteilt.<\/p>\t\t\t\t\t\t\t\t<\/div>\n\t\t\t\t<\/div>\n\t\t\t\t<div class=\"elementor-element elementor-element-cddeb69 spacer-top-s elementor-widget elementor-widget-heading\" data-id=\"cddeb69\" data-element_type=\"widget\" data-e-type=\"widget\" data-widget_type=\"heading.default\">\n\t\t\t\t<div class=\"elementor-widget-container\">\n\t\t\t\t\t<h2 class=\"elementor-heading-title elementor-size-default\">2. Cookies<\/h2>\t\t\t\t<\/div>\n\t\t\t\t<\/div>\n\t\t\t\t<div class=\"elementor-element elementor-element-170b53e spacer-top-s elementor-widget elementor-widget-heading\" data-id=\"170b53e\" data-element_type=\"widget\" data-e-type=\"widget\" data-widget_type=\"heading.default\">\n\t\t\t\t<div class=\"elementor-widget-container\">\n\t\t\t\t\t<h3 class=\"elementor-heading-title elementor-size-default\">Funktionale Cookies:<\/h3>\t\t\t\t<\/div>\n\t\t\t\t<\/div>\n\t\t\t\t<div class=\"elementor-element elementor-element-2793dc7 lead, spacer-top-s elementor-widget elementor-widget-text-editor\" data-id=\"2793dc7\" data-element_type=\"widget\" data-e-type=\"widget\" data-widget_type=\"text-editor.default\">\n\t\t\t\t<div class=\"elementor-widget-container\">\n\t\t\t\t\t\t\t\t\t<p>Sorgen daf\u00fcr, dass die Website korrekt funktioniert (z. B. Navigation, Spracheinstellungen). Diese sind immer aktiv und erfordern keine Einwilligung. <\/p>\t\t\t\t\t\t\t\t<\/div>\n\t\t\t\t<\/div>\n\t\t\t\t<div class=\"elementor-element elementor-element-9590742 spacer-top-s elementor-widget elementor-widget-heading\" data-id=\"9590742\" data-element_type=\"widget\" data-e-type=\"widget\" data-widget_type=\"heading.default\">\n\t\t\t\t<div class=\"elementor-widget-container\">\n\t\t\t\t\t<h3 class=\"elementor-heading-title elementor-size-default\">Analyse-Cookies:\n<\/h3>\t\t\t\t<\/div>\n\t\t\t\t<\/div>\n\t\t\t\t<div class=\"elementor-element elementor-element-2521604 lead, spacer-top-s elementor-widget elementor-widget-text-editor\" data-id=\"2521604\" data-element_type=\"widget\" data-e-type=\"widget\" data-widget_type=\"text-editor.default\">\n\t\t\t\t<div class=\"elementor-widget-container\">\n\t\t\t\t\t\t\t\t\t<p>Helfen zu verstehen, wie die Website genutzt wird (z. B. anonymisiertes Google Analytics). Hierf\u00fcr ist deine Einwilligung erforderlich <\/p>\t\t\t\t\t\t\t\t<\/div>\n\t\t\t\t<\/div>\n\t\t\t\t<div class=\"elementor-element elementor-element-42406ad spacer-top-s elementor-widget elementor-widget-heading\" data-id=\"42406ad\" data-element_type=\"widget\" data-e-type=\"widget\" data-widget_type=\"heading.default\">\n\t\t\t\t<div class=\"elementor-widget-container\">\n\t\t\t\t\t<h3 class=\"elementor-heading-title elementor-size-default\">Newsletter-Cookies:<\/h3>\t\t\t\t<\/div>\n\t\t\t\t<\/div>\n\t\t\t\t<div class=\"elementor-element elementor-element-77c53b3 lead, spacer-top-s elementor-widget elementor-widget-text-editor\" data-id=\"77c53b3\" data-element_type=\"widget\" data-e-type=\"widget\" data-widget_type=\"text-editor.default\">\n\t\t\t\t<div class=\"elementor-widget-container\">\n\t\t\t\t\t\t\t\t\t<p>Speichern deine Anmeldepr\u00e4ferenzen \u00fcber Mailchimp. Hierf\u00fcr ist deine Einwilligung erforderlich. <\/p>\t\t\t\t\t\t\t\t<\/div>\n\t\t\t\t<\/div>\n\t\t\t\t<div class=\"elementor-element elementor-element-1122631 spacer-top-s elementor-widget elementor-widget-heading\" data-id=\"1122631\" data-element_type=\"widget\" data-e-type=\"widget\" data-widget_type=\"heading.default\">\n\t\t\t\t<div class=\"elementor-widget-container\">\n\t\t\t\t\t<h3 class=\"elementor-heading-title elementor-size-default\">Affiliate-Tracking-Cookies:<\/h3>\t\t\t\t<\/div>\n\t\t\t\t<\/div>\n\t\t\t\t<div class=\"elementor-element elementor-element-cc89351 lead, spacer-top-s elementor-widget elementor-widget-text-editor\" data-id=\"cc89351\" data-element_type=\"widget\" data-e-type=\"widget\" data-widget_type=\"text-editor.default\">\n\t\t\t\t<div class=\"elementor-widget-container\">\n\t\t\t\t\t\t\t\t\t<p>Werden gesetzt, wenn du auf Affiliate-Links klickst (z. B. MockupCloud, Skillshare, Creative Market), oder entsprechende Blogartikel besuchst, wo diese aktiv sind. Sie erfassen Weiterleitungen, damit wir Provisionen erhalten. Hierf\u00fcr ist deine Einwilligung erforderlich.  <\/p>\t\t\t\t\t\t\t\t<\/div>\n\t\t\t\t<\/div>\n\t\t\t\t<div class=\"elementor-element elementor-element-e373d93 spacer-top-s elementor-widget elementor-widget-heading\" data-id=\"e373d93\" data-element_type=\"widget\" data-e-type=\"widget\" data-widget_type=\"heading.default\">\n\t\t\t\t<div class=\"elementor-widget-container\">\n\t\t\t\t\t<h2 class=\"elementor-heading-title elementor-size-default\">3. Verwaltung von Cookies<\/h2>\t\t\t\t<\/div>\n\t\t\t\t<\/div>\n\t\t\t\t<div class=\"elementor-element elementor-element-5437375 lead, spacer-top-s elementor-widget elementor-widget-text-editor\" data-id=\"5437375\" data-element_type=\"widget\" data-e-type=\"widget\" data-widget_type=\"text-editor.default\">\n\t\t\t\t<div class=\"elementor-widget-container\">\n\t\t\t\t\t\t\t\t\t<p>Du kannst Cookies \u00fcber das Einwilligungs-Pop-up annehmen oder ablehnen. In deinem Browser kannst du Cookies au\u00dferdem blockieren oder l\u00f6schen. Bitte beachte: Einige Funktionen der Website k\u00f6nnten eingeschr\u00e4nkt sein, wenn Cookies deaktiviert sind.  <\/p>\t\t\t\t\t\t\t\t<\/div>\n\t\t\t\t<\/div>\n\t\t\t\t<div class=\"elementor-element elementor-element-1270208 spacer-top-s elementor-widget elementor-widget-heading\" data-id=\"1270208\" data-element_type=\"widget\" data-e-type=\"widget\" data-widget_type=\"heading.default\">\n\t\t\t\t<div class=\"elementor-widget-container\">\n\t\t\t\t\t<h2 class=\"elementor-heading-title elementor-size-default\">4. Deine Datenschutzrechte\n<\/h2>\t\t\t\t<\/div>\n\t\t\t\t<\/div>\n\t\t\t\t<div class=\"elementor-element elementor-element-2731762 lead, spacer-top-s elementor-widget elementor-widget-text-editor\" data-id=\"2731762\" data-element_type=\"widget\" data-e-type=\"widget\" data-widget_type=\"text-editor.default\">\n\t\t\t\t<div class=\"elementor-widget-container\">\n\t\t\t\t\t\t\t\t\t<p>Nach geltendem Datenschutzrecht hast du das Recht:<\/p>\n<ul>\n<li>zu erfahren, welche personenbezogenen Daten ich speichere und warum<\/li>\n<li>deine Daten einzusehen<\/li>\n<li>falsche oder unvollst\u00e4ndige Daten zu berichtigen<\/li>\n<li>die L\u00f6schung deiner Daten zu verlangen<\/li>\n<li>die Verarbeitung in bestimmten F\u00e4llen einzuschr\u00e4nken<\/li>\n<li>deine Daten in einem \u00fcbertragbaren Format zu erhalten<\/li>\n<li>deine Einwilligung f\u00fcr Cookies oder den Newsletter jederzeit zu widerrufen<\/li>\n<li>Affiliate-Tracking abzulehnen<\/li>\n<\/ul>\n<p>Wenn du diese Rechte aus\u00fcben m\u00f6chtest, schreib mir bitte an <a href=\"mailto:hello@nineblaess.de\">hello@nineblaess.de<\/a>. Au\u00dferdem kannst du dich bei der Datenschutzbeh\u00f6rde deines Landes beschweren. <\/p>\t\t\t\t\t\t\t\t<\/div>\n\t\t\t\t<\/div>\n\t\t\t\t<div class=\"elementor-element elementor-element-34685c7 spacer-top-s elementor-widget elementor-widget-heading\" data-id=\"34685c7\" data-element_type=\"widget\" data-e-type=\"widget\" data-widget_type=\"heading.default\">\n\t\t\t\t<div class=\"elementor-widget-container\">\n\t\t\t\t\t<h2 class=\"elementor-heading-title elementor-size-default\">4. Deine Datenschutzrechte\n<\/h2>\t\t\t\t<\/div>\n\t\t\t\t<\/div>\n\t\t\t\t<div class=\"elementor-element elementor-element-05c8027 lead, spacer-top-s elementor-widget elementor-widget-text-editor\" data-id=\"05c8027\" data-element_type=\"widget\" data-e-type=\"widget\" data-widget_type=\"text-editor.default\">\n\t\t\t\t<div class=\"elementor-widget-container\">\n\t\t\t\t\t\t\t\t\t<p>Deine personenbezogenen Daten werden nur so lange gespeichert, wie sie f\u00fcr Analysen, Newsletter-Kommunikation oder Affiliate-Tracking notwendig sind \u2013 oder soweit es gesetzlich vorgeschrieben ist.<\/p>\t\t\t\t\t\t\t\t<\/div>\n\t\t\t\t<\/div>\n\t\t\t\t<div class=\"elementor-element elementor-element-b12dc4b spacer-top-s elementor-widget elementor-widget-heading\" data-id=\"b12dc4b\" data-element_type=\"widget\" data-e-type=\"widget\" data-widget_type=\"heading.default\">\n\t\t\t\t<div class=\"elementor-widget-container\">\n\t\t\t\t\t<h2 class=\"elementor-heading-title elementor-size-default\">6. Drittanbieter-Dienste<\/h2>\t\t\t\t<\/div>\n\t\t\t\t<\/div>\n\t\t\t\t<div class=\"elementor-element elementor-element-afbd280 lead, spacer-top-s elementor-widget elementor-widget-text-editor\" data-id=\"afbd280\" data-element_type=\"widget\" data-e-type=\"widget\" data-widget_type=\"text-editor.default\">\n\t\t\t\t<div class=\"elementor-widget-container\">\n\t\t\t\t\t\t\t\t\t<p>Ich nutze folgende Drittanbieter, die m\u00f6glicherweise personenbezogene Daten verarbeiten:<\/p>\n<ul>\n<li>Google Analytics (Universal Analytics, anonymisiert): Website-Analyse. <a href=\"https:\/\/policies.google.com\/privacy\" target=\"_blank\" rel=\"noopener\">Datenschutzrichtlinie<\/a><\/li>\n<li>Mailchimp: f\u00fcr Newsletter-Anmeldungen und Kommunikation. Datenschutz- &amp; Cookie-Richtlinie<\/li>\n<li>Google Search Console: Website-Monitoring. <a href=\"https:\/\/www.intuit.com\/privacy\/statement\/\" target=\"_blank\" rel=\"noopener\">Datenschutzrichtlinie<\/a><\/li>\n<li>Affiliate-Partner: zur Nachverfolgung von Referral-Klicks und Provisionen. Dazu geh\u00f6ren MockupCloud, Skillshare, Creative Market und andere unten aufgef\u00fchrte Partner. Jeder Affiliate-Partner kann Daten gem\u00e4\u00df seinen eigenen Datenschutzrichtlinien verarbeiten.  <\/li>\n<\/ul>\t\t\t\t\t\t\t\t<\/div>\n\t\t\t\t<\/div>\n\t\t\t\t<div class=\"elementor-element elementor-element-2f4c681 spacer-top-s elementor-widget elementor-widget-heading\" data-id=\"2f4c681\" data-element_type=\"widget\" data-e-type=\"widget\" data-widget_type=\"heading.default\">\n\t\t\t\t<div class=\"elementor-widget-container\">\n\t\t\t\t\t<h3 class=\"elementor-heading-title elementor-size-default\">Affiliate-Partner<\/h3>\t\t\t\t<\/div>\n\t\t\t\t<\/div>\n\t\t\t\t<div class=\"elementor-element elementor-element-fe92004 lead, spacer-top-s elementor-widget elementor-widget-text-editor\" data-id=\"fe92004\" data-element_type=\"widget\" data-e-type=\"widget\" data-widget_type=\"text-editor.default\">\n\t\t\t\t<div class=\"elementor-widget-container\">\n\t\t\t\t\t\t\t\t\t<ul>\n<li>Art directed (via Shopify). <a href=\"https:\/\/www.shopify.com\/nz\/legal\/privacy\" target=\"_blank\" rel=\"noopener\">Datenschutzrichtlinie<\/a><\/li>\n<li>Bendito Mockup. <a href=\"https:\/\/benditomockup.com\/privacy-policy\/\" target=\"_blank\" rel=\"noopener\">Datenschutzrichtlinie<\/a><\/li>\n<li>Bookshop. <a href=\"https:\/\/bookshop.org\/info\/privacy-notice\" target=\"_blank\" rel=\"noopener\">Datenschutzrichtlinie<\/a><\/li>\n<li>Commission Junction (CJ Affiliate). <a href=\"https:\/\/www.cj.com\/legal\/privacy\" target=\"_blank\" rel=\"noopener\">Datenschutzrichtlinie<\/a><\/li>\n<li>Coolor <a href=\"https:\/\/coolors.co\/privacy-policy\" target=\"_blank\" rel=\"noopener\">Datenschutzrichtlinie<\/a><\/li>\n<li>Elementor <a href=\"https:\/\/elementor.com\/about\/privacy\/\" target=\"_blank\" rel=\"noopener\">Datenschutzrichtlinie<\/a><\/li>\n<li>Gumroad <a href=\"https:\/\/gumroad.com\/privacy\" target=\"_blank\" rel=\"noopener\">Datenschutzrichtlinie<\/a><\/li>\n<li>Hazard Mockups (via Trackdesk) <a href=\"https:\/\/trackdesk.com\/privacy-policy\" target=\"_blank\" rel=\"noopener\">Datenschutzrichtlinie<\/a><\/li>\n<li>Heritage Type <a href=\"https:\/\/www.heritagetype.com\/pages\/privacy-policy\" target=\"_blank\" rel=\"noopener\">Datenschutzrichtlinie<\/a><\/li>\n<li>Impact <a href=\"https:\/\/impact.com\/privacy-policy\/\" target=\"_blank\" rel=\"noopener\">Datenschutzrichtlinie<\/a><\/li>\n<li>LS Graphics (via Rewardful) <a href=\"https:\/\/www.rewardful.com\/privacy\" target=\"_blank\" rel=\"noopener\">Datenschutzrichtlinie<\/a><\/li>\n<li>Mockup Cloud <a href=\"https:\/\/www.mockupcloud.com\/privacy\" target=\"_blank\" rel=\"noopener\">Datenschutzrichtlinie<\/a><\/li>\n<li>Moyo Studio <a href=\"https:\/\/www.moyo-studio.com\/privacy-policy\/\" target=\"_blank\" rel=\"noopener\">Datenschutzrichtlinie<\/a><\/li>\n<li>Sedshop (via Trackdesk) <a href=\"https:\/\/trackdesk.com\/privacy-policy\" target=\"_blank\" rel=\"noopener\">Datenschutzrichtlinie<\/a><\/li>\n<li>YouWorkForThem <a href=\"https:\/\/www.youworkforthem.com\/privacy-policy\" target=\"_blank\" rel=\"noopener\">Datenschutzrichtlinie<\/a><\/li>\n<\/ul>\n<p>Hinweis: Wir haben keinen Einfluss auf die Datenverarbeitungsmethoden dieser Drittanbieter. Wir empfehlen dir deshalb, die Datenschutzrichtlinien der einzelnen Dienste zu \u00fcberpr\u00fcfen, bevor du sie nutzt. <\/p>\t\t\t\t\t\t\t\t<\/div>\n\t\t\t\t<\/div>\n\t\t\t\t<div class=\"elementor-element elementor-element-7e87cca spacer-top-s elementor-widget elementor-widget-heading\" data-id=\"7e87cca\" data-element_type=\"widget\" data-e-type=\"widget\" data-widget_type=\"heading.default\">\n\t\t\t\t<div class=\"elementor-widget-container\">\n\t\t\t\t\t<h2 class=\"elementor-heading-title elementor-size-default\">7. Kontakt<\/h2>\t\t\t\t<\/div>\n\t\t\t\t<\/div>\n\t\t\t\t<div class=\"elementor-element elementor-element-12dd043 lead, spacer-top-s elementor-widget elementor-widget-text-editor\" data-id=\"12dd043\" data-element_type=\"widget\" data-e-type=\"widget\" data-widget_type=\"text-editor.default\">\n\t\t\t\t<div class=\"elementor-widget-container\">\n\t\t\t\t\t\t\t\t\t<p>Wenn du Fragen zu dieser Richtlinie oder zu deinen personenbezogenen Daten hast, erreichst du mich unter: <a href=\"mailto:hello@nineblaess.de\">hello@nineblaess.de<\/a><\/p>\t\t\t\t\t\t\t\t<\/div>\n\t\t\t\t<\/div>\n\t\t\t\t<\/div>\n\t\t\t\t<\/div>\n\t\t\t\t<\/div>\n\t\t\t\t<\/div>\n\t\t","protected":false},"excerpt":{"rendered":"<p>Datenschutz- und Cookie-Richtlinien Zuletzt aktualisiert: 16. August 2025 Gilt f\u00fcr: B\u00fcrger und dauerhaft Aufenthaltsberechtigte des Europ\u00e4ischen Wirtschaftsraums (EWR) und der Schweiz 1. Einf\u00fchrung Willkommen auf nineblaess.de. Deine Privatsph\u00e4re ist mir wichtig. In dieser Richtlinie erf\u00e4hrst du, wie ich Cookies verwende und personenbezogene Daten erhebe, wenn du meine Website besuchst. Ich erhebe nur Daten, die notwendig [&hellip;]<\/p>\n","protected":false},"author":1,"featured_media":0,"parent":0,"menu_order":0,"comment_status":"closed","ping_status":"closed","template":"elementor_header_footer","meta":{"_acf_changed":false,"footnotes":""},"class_list":["post-8270","page","type-page","status-publish","hentry"],"acf":[],"_links":{"self":[{"href":"https:\/\/www.nineblaess.de\/de\/wp-json\/wp\/v2\/pages\/8270","targetHints":{"allow":["GET"]}}],"collection":[{"href":"https:\/\/www.nineblaess.de\/de\/wp-json\/wp\/v2\/pages"}],"about":[{"href":"https:\/\/www.nineblaess.de\/de\/wp-json\/wp\/v2\/types\/page"}],"author":[{"embeddable":true,"href":"https:\/\/www.nineblaess.de\/de\/wp-json\/wp\/v2\/users\/1"}],"replies":[{"embeddable":true,"href":"https:\/\/www.nineblaess.de\/de\/wp-json\/wp\/v2\/comments?post=8270"}],"version-history":[{"count":0,"href":"https:\/\/www.nineblaess.de\/de\/wp-json\/wp\/v2\/pages\/8270\/revisions"}],"wp:attachment":[{"href":"https:\/\/www.nineblaess.de\/de\/wp-json\/wp\/v2\/media?parent=8270"}],"curies":[{"name":"wp","href":"https:\/\/api.w.org\/{rel}","templated":true}]}}